{"id":1911,"date":"2017-05-02T17:29:16","date_gmt":"2017-05-02T15:29:16","guid":{"rendered":"https:\/\/www.zuendwerk.de\/?page_id=1911\/"},"modified":"2021-11-03T15:16:12","modified_gmt":"2021-11-03T14:16:12","slug":"contact","status":"publish","type":"page","link":"https:\/\/www.zuendwerk.de\/en\/contact\/","title":{"rendered":"contact"},"content":{"rendered":"<section class=\"l-section wpb_row height_auto width_full\"><div class=\"l-section-h i-cf\"><div class=\"g-cols vc_row via_grid cols_1 laptops-cols_inherit tablets-cols_inherit mobiles-cols_1 valign_top type_default stacking_default\"><div class=\"wpb_column vc_column_container\"><div class=\"vc_column-inner\"><div class=\"w-map provider_google us_custom_339e136a\" id=\"us_map_1\"><div class=\"w-map-json\" onclick='return {&quot;address&quot;:&quot;Daimlerstra\\u00dfe 32, 60314 Frankfurt am Main, Deutschland&quot;,&quot;zoom&quot;:14,&quot;hideControls&quot;:0,&quot;disableZoom&quot;:0,&quot;disableDragging&quot;:0,&quot;markers&quot;:[{&quot;address&quot;:&quot;Daimlerstra\\u00dfe 32, 60314 Frankfurt am Main, Deutschland&quot;,&quot;html&quot;:&quot;&lt;h6&gt;find us here.&lt;\\\/p&gt;&quot;,&quot;infowindow&quot;:&quot;1&quot;}],&quot;maptype&quot;:&quot;HYBRID&quot;}'><\/div><\/div><\/div><\/div><\/div><\/div><\/section><section class=\"l-section wpb_row height_small color_primary\"><div class=\"l-section-h i-cf\"><div class=\"g-cols vc_row via_grid cols_1 laptops-cols_inherit tablets-cols_inherit mobiles-cols_1 valign_top type_default stacking_default\"><div class=\"wpb_column vc_column_container us_animate_aft\"><div class=\"vc_column-inner\"><div class=\"wpb_text_column\"><div class=\"wpb_wrapper\"><h1 class=\"csc-firstHeader\">contact to\u00a0z\u00fcndwerk<\/h1>\n<\/div><\/div><\/div><\/div><\/div><\/div><\/section><section class=\"l-section wpb_row height_small\"><div class=\"l-section-h i-cf\"><div class=\"g-cols vc_row via_grid cols_2 laptops-cols_inherit tablets-cols_inherit mobiles-cols_1 valign_top type_default stacking_default\"><div class=\"wpb_column vc_column_container\"><div class=\"vc_column-inner\"><div class=\"wpb_text_column\"><div class=\"wpb_wrapper\"><p><strong>z\u00fcndwerk special-effects UG<\/strong> (haftungsbeschr\u00e4nkt)<br \/>\nDaimlerstra\u00dfe 32<br \/>\n60314 Frankfurt am Main<\/p>\n<p>Phone: 069 &#8211; 42 69 42 990<br \/>\nFax: 069 &#8211; 42 69 42 999<\/p>\n<p>E-Mail: <a href=\"mailto:office@zuendwerk.de\">office@zuendwerk.de<\/a><\/p>\n<p>Officetimes\u00a0monday\u00a0to\u00a0friday 10-19<\/p>\n<\/div><\/div><\/div><\/div><div class=\"wpb_column vc_column_container\"><div class=\"vc_column-inner\"><div role=\"form\" class=\"wpcf7\" id=\"wpcf7-f1908-o1\" lang=\"de-DE\" dir=\"ltr\">\n<div class=\"screen-reader-response\"><p role=\"status\" aria-live=\"polite\" aria-atomic=\"true\"><\/p> <ul><\/ul><\/div>\n<form action=\"\/en\/wp-json\/wp\/v2\/pages\/1911#wpcf7-f1908-o1\" method=\"post\" class=\"wpcf7-form init\" novalidate=\"novalidate\" data-status=\"init\">\n<div style=\"display: none;\">\n<input type=\"hidden\" name=\"_wpcf7\" value=\"1908\" \/>\n<input type=\"hidden\" name=\"_wpcf7_version\" value=\"5.5.6\" \/>\n<input type=\"hidden\" name=\"_wpcf7_locale\" value=\"de_DE\" \/>\n<input type=\"hidden\" name=\"_wpcf7_unit_tag\" value=\"wpcf7-f1908-o1\" \/>\n<input type=\"hidden\" name=\"_wpcf7_container_post\" value=\"0\" \/>\n<input type=\"hidden\" name=\"_wpcf7_posted_data_hash\" value=\"\" \/>\n<\/div>\n<p>Your Name*<br \/>\n    <span class=\"wpcf7-form-control-wrap your-name\"><input type=\"text\" name=\"your-name\" value=\"\" size=\"40\" class=\"wpcf7-form-control wpcf7-text wpcf7-validates-as-required\" aria-required=\"true\" aria-invalid=\"false\" \/><\/span> <\/p>\n<p>Your E-Mail-Adress*<br \/>\n    <span class=\"wpcf7-form-control-wrap your-email\"><input type=\"email\" name=\"your-email\" value=\"\" size=\"40\" class=\"wpcf7-form-control wpcf7-text wpcf7-email wpcf7-validates-as-required wpcf7-validates-as-email\" aria-required=\"true\" aria-invalid=\"false\" \/><\/span> <\/p>\n<p>Your Phonenumber<br \/>\n    <span class=\"wpcf7-form-control-wrap telefon\"><input type=\"tel\" name=\"telefon\" value=\"\" size=\"40\" class=\"wpcf7-form-control wpcf7-text wpcf7-tel wpcf7-validates-as-tel\" aria-invalid=\"false\" \/><\/span><\/p>\n<p>Sibject*<br \/>\n    <span class=\"wpcf7-form-control-wrap your-subject\"><input type=\"text\" name=\"your-subject\" value=\"\" size=\"40\" class=\"wpcf7-form-control wpcf7-text wpcf7-validates-as-required\" aria-required=\"true\" aria-invalid=\"false\" \/><\/span> <\/p>\n<p>Your Message*<br \/>\n    <span class=\"wpcf7-form-control-wrap your-message\"><textarea name=\"your-message\" cols=\"40\" rows=\"10\" class=\"wpcf7-form-control wpcf7-textarea wpcf7-validates-as-required\" aria-required=\"true\" aria-invalid=\"false\"><\/textarea><\/span> <\/p>\n<p><input type=\"submit\" value=\"SEND\" class=\"wpcf7-form-control has-spinner wpcf7-submit\" \/><\/p>\n<div class=\"wpcf7-response-output\" aria-hidden=\"true\"><\/div><\/form><\/div><\/div><\/div><\/div><\/div><\/section>\n","protected":false},"excerpt":{"rendered":"contact to\u00a0z\u00fcndwerk z\u00fcndwerk special-effects UG (haftungsbeschr\u00e4nkt) Daimlerstra\u00dfe 32 60314 Frankfurt am Main Phone: 069 &#8211; 42 69 42 990 Fax: 069 &#8211; 42 69 42 999 E-Mail: office@zuendwerk.de Officetimes\u00a0monday\u00a0to\u00a0friday 10-19 Your Name* Your E-Mail-Adress* Your Phonenumber Sibject* Your Message*","protected":false},"author":1,"featured_media":0,"parent":0,"menu_order":0,"comment_status":"closed","ping_status":"closed","template":"","meta":[],"yoast_head":"<!-- This site is optimized with the Yoast SEO plugin v18.8 - https:\/\/yoast.com\/wordpress\/plugins\/seo\/ -->\n<title>contact - z\u00fcndwerk special-effects<\/title>\n<meta name=\"robots\" content=\"index, follow, max-snippet:-1, max-image-preview:large, max-video-preview:-1\" \/>\n<link rel=\"canonical\" href=\"https:\/\/www.zuendwerk.de\/en\/contact\/\" \/>\n<meta property=\"og:locale\" content=\"en_US\" \/>\n<meta property=\"og:type\" content=\"article\" \/>\n<meta property=\"og:title\" content=\"contact - z\u00fcndwerk special-effects\" \/>\n<meta property=\"og:url\" content=\"https:\/\/www.zuendwerk.de\/en\/contact\/\" \/>\n<meta property=\"og:site_name\" content=\"z\u00fcndwerk special-effects\" \/>\n<meta property=\"article:modified_time\" content=\"2021-11-03T14:16:12+00:00\" \/>\n<meta name=\"twitter:card\" content=\"summary\" \/>\n<meta name=\"twitter:label1\" content=\"Est. reading time\" \/>\n\t<meta name=\"twitter:data1\" content=\"1 minute\" \/>\n<script type=\"application\/ld+json\" class=\"yoast-schema-graph\">{\"@context\":\"https:\/\/schema.org\",\"@graph\":[{\"@type\":\"WebSite\",\"@id\":\"https:\/\/www.zuendwerk.de\/#website\",\"url\":\"https:\/\/www.zuendwerk.de\/\",\"name\":\"z\u00fcndwerk special-effects\",\"description\":\"competence in fire\",\"potentialAction\":[{\"@type\":\"SearchAction\",\"target\":{\"@type\":\"EntryPoint\",\"urlTemplate\":\"https:\/\/www.zuendwerk.de\/?s={search_term_string}\"},\"query-input\":\"required name=search_term_string\"}],\"inLanguage\":\"en-US\"},{\"@type\":\"WebPage\",\"@id\":\"https:\/\/www.zuendwerk.de\/en\/contact\/#webpage\",\"url\":\"https:\/\/www.zuendwerk.de\/en\/contact\/\",\"name\":\"contact - z\u00fcndwerk special-effects\",\"isPartOf\":{\"@id\":\"https:\/\/www.zuendwerk.de\/#website\"},\"datePublished\":\"2017-05-02T15:29:16+00:00\",\"dateModified\":\"2021-11-03T14:16:12+00:00\",\"breadcrumb\":{\"@id\":\"https:\/\/www.zuendwerk.de\/en\/contact\/#breadcrumb\"},\"inLanguage\":\"en-US\",\"potentialAction\":[{\"@type\":\"ReadAction\",\"target\":[\"https:\/\/www.zuendwerk.de\/en\/contact\/\"]}]},{\"@type\":\"BreadcrumbList\",\"@id\":\"https:\/\/www.zuendwerk.de\/en\/contact\/#breadcrumb\",\"itemListElement\":[{\"@type\":\"ListItem\",\"position\":1,\"name\":\"Home\",\"item\":\"https:\/\/www.zuendwerk.de\/en\/\"},{\"@type\":\"ListItem\",\"position\":2,\"name\":\"contact\"}]}]}<\/script>\n<!-- \/ Yoast SEO plugin. -->","yoast_head_json":{"title":"contact - z\u00fcndwerk special-effects","robots":{"index":"index","follow":"follow","max-snippet":"max-snippet:-1","max-image-preview":"max-image-preview:large","max-video-preview":"max-video-preview:-1"},"canonical":"https:\/\/www.zuendwerk.de\/en\/contact\/","og_locale":"en_US","og_type":"article","og_title":"contact - z\u00fcndwerk special-effects","og_url":"https:\/\/www.zuendwerk.de\/en\/contact\/","og_site_name":"z\u00fcndwerk special-effects","article_modified_time":"2021-11-03T14:16:12+00:00","twitter_card":"summary","twitter_misc":{"Est. reading time":"1 minute"},"schema":{"@context":"https:\/\/schema.org","@graph":[{"@type":"WebSite","@id":"https:\/\/www.zuendwerk.de\/#website","url":"https:\/\/www.zuendwerk.de\/","name":"z\u00fcndwerk special-effects","description":"competence in fire","potentialAction":[{"@type":"SearchAction","target":{"@type":"EntryPoint","urlTemplate":"https:\/\/www.zuendwerk.de\/?s={search_term_string}"},"query-input":"required name=search_term_string"}],"inLanguage":"en-US"},{"@type":"WebPage","@id":"https:\/\/www.zuendwerk.de\/en\/contact\/#webpage","url":"https:\/\/www.zuendwerk.de\/en\/contact\/","name":"contact - z\u00fcndwerk special-effects","isPartOf":{"@id":"https:\/\/www.zuendwerk.de\/#website"},"datePublished":"2017-05-02T15:29:16+00:00","dateModified":"2021-11-03T14:16:12+00:00","breadcrumb":{"@id":"https:\/\/www.zuendwerk.de\/en\/contact\/#breadcrumb"},"inLanguage":"en-US","potentialAction":[{"@type":"ReadAction","target":["https:\/\/www.zuendwerk.de\/en\/contact\/"]}]},{"@type":"BreadcrumbList","@id":"https:\/\/www.zuendwerk.de\/en\/contact\/#breadcrumb","itemListElement":[{"@type":"ListItem","position":1,"name":"Home","item":"https:\/\/www.zuendwerk.de\/en\/"},{"@type":"ListItem","position":2,"name":"contact"}]}]}},"_links":{"self":[{"href":"https:\/\/www.zuendwerk.de\/en\/wp-json\/wp\/v2\/pages\/1911"}],"collection":[{"href":"https:\/\/www.zuendwerk.de\/en\/wp-json\/wp\/v2\/pages"}],"about":[{"href":"https:\/\/www.zuendwerk.de\/en\/wp-json\/wp\/v2\/types\/page"}],"author":[{"embeddable":true,"href":"https:\/\/www.zuendwerk.de\/en\/wp-json\/wp\/v2\/users\/1"}],"replies":[{"embeddable":true,"href":"https:\/\/www.zuendwerk.de\/en\/wp-json\/wp\/v2\/comments?post=1911"}],"version-history":[{"count":4,"href":"https:\/\/www.zuendwerk.de\/en\/wp-json\/wp\/v2\/pages\/1911\/revisions"}],"predecessor-version":[{"id":3440,"href":"https:\/\/www.zuendwerk.de\/en\/wp-json\/wp\/v2\/pages\/1911\/revisions\/3440"}],"wp:attachment":[{"href":"https:\/\/www.zuendwerk.de\/en\/wp-json\/wp\/v2\/media?parent=1911"}],"curies":[{"name":"wp","href":"https:\/\/api.w.org\/{rel}","templated":true}]}}